{"id":15,"date":"2021-04-29T19:46:20","date_gmt":"2021-04-29T19:46:20","guid":{"rendered":"https:\/\/streamfreitag.de\/?page_id=15"},"modified":"2022-10-13T15:27:02","modified_gmt":"2022-10-13T15:27:02","slug":"impressum","status":"publish","type":"page","link":"https:\/\/streamfreitag.de\/index.php\/impressum\/","title":{"rendered":"Impressum"},"content":{"rendered":"\n\n\n\n<p>Dieser Verein ist noch in der Gr\u00fcndung. Wir werden daher in k\u00fcrze ein Impressum hinzuf\u00fcgen k\u00f6nnen. Bei Fragen senden Sie uns eine E-mail an orga@streamfreitag.de<\/p>\n\n\n\n<p><\/p>\n\n\n\n<p><a href=\"https:\/\/www.twitch.tv\/streamfreitag\" target=\"_blank\" rel=\"noreferrer noopener\">https:\/\/www.twitch.tv\/streamfreitag<\/a><\/p>\n\n\n\n<p><a href=\"https:\/\/www.youtube.com\/channel\/UCUIfmyB97dKZCsOh0Yt8r8w\">https:\/\/www.youtube.com\/channel\/UCUIfmyB97dKZCsOh0<\/a><a href=\"https:\/\/www.youtube.com\/channel\/UCUIfmyB97dKZCsOh0Yt8r8w\" target=\"_blank\" rel=\"noreferrer noopener\">Y<\/a><a href=\"https:\/\/www.youtube.com\/channel\/UCUIfmyB97dKZCsOh0Yt8r8w\">t8r8w<\/a><\/p>\n","protected":false},"excerpt":{"rendered":"<p>Dieser Verein ist noch in der Gr\u00fcndung. Wir werden daher in k\u00fcrze ein Impressum hinzuf\u00fcgen k\u00f6nnen. Bei Fragen senden Sie uns eine E-mail an orga@streamfreitag.de https:\/\/www.twitch.tv\/streamfreitag https:\/\/www.youtube.com\/channel\/UCUIfmyB97dKZCsOh0Yt8r8w<\/p>\n","protected":false},"author":1,"featured_media":0,"parent":0,"menu_order":110,"comment_status":"closed","ping_status":"closed","template":"","meta":{"_price":"","_stock":"","_tribe_ticket_header":"","_tribe_default_ticket_provider":"","_tribe_ticket_capacity":"0","_ticket_start_date":"","_ticket_end_date":"","_tribe_ticket_show_description":"","_tribe_ticket_show_not_going":false,"_tribe_ticket_use_global_stock":"","_tribe_ticket_global_stock_level":"","_global_stock_mode":"","_global_stock_cap":"","_tribe_rsvp_for_event":"","_tribe_ticket_going_count":"","_tribe_ticket_not_going_count":"","_tribe_tickets_list":"[]","_tribe_ticket_has_attendee_info_fields":false,"footnotes":""},"yoast_head":"<!-- This site is optimized with the Yoast SEO plugin v22.7 - https:\/\/yoast.com\/wordpress\/plugins\/seo\/ -->\n<title>Impressum - Streamfreitag<\/title>\n<meta name=\"robots\" content=\"index, follow, max-snippet:-1, max-image-preview:large, max-video-preview:-1\" \/>\n<link rel=\"canonical\" href=\"https:\/\/streamfreitag.de\/index.php\/impressum\/\" \/>\n<meta property=\"og:locale\" content=\"de_DE\" \/>\n<meta property=\"og:type\" content=\"article\" \/>\n<meta property=\"og:title\" content=\"Impressum - Streamfreitag\" \/>\n<meta property=\"og:description\" content=\"Dieser Verein ist noch in der Gr\u00fcndung. Wir werden daher in k\u00fcrze ein Impressum hinzuf\u00fcgen k\u00f6nnen. Bei Fragen senden Sie uns eine E-mail an orga@streamfreitag.de https:\/\/www.twitch.tv\/streamfreitag https:\/\/www.youtube.com\/channel\/UCUIfmyB97dKZCsOh0Yt8r8w\" \/>\n<meta property=\"og:url\" content=\"https:\/\/streamfreitag.de\/index.php\/impressum\/\" \/>\n<meta property=\"og:site_name\" content=\"Streamfreitag\" \/>\n<meta property=\"article:modified_time\" content=\"2022-10-13T15:27:02+00:00\" \/>\n<meta name=\"twitter:card\" content=\"summary_large_image\" \/>\n<meta name=\"twitter:label1\" content=\"Gesch\u00e4tzte Lesezeit\" \/>\n\t<meta name=\"twitter:data1\" content=\"1 Minute\" \/>\n<script type=\"application\/ld+json\" class=\"yoast-schema-graph\">{\"@context\":\"https:\/\/schema.org\",\"@graph\":[{\"@type\":\"WebPage\",\"@id\":\"https:\/\/streamfreitag.de\/index.php\/impressum\/\",\"url\":\"https:\/\/streamfreitag.de\/index.php\/impressum\/\",\"name\":\"Impressum - Streamfreitag\",\"isPartOf\":{\"@id\":\"https:\/\/streamfreitag.de\/#website\"},\"datePublished\":\"2021-04-29T19:46:20+00:00\",\"dateModified\":\"2022-10-13T15:27:02+00:00\",\"breadcrumb\":{\"@id\":\"https:\/\/streamfreitag.de\/index.php\/impressum\/#breadcrumb\"},\"inLanguage\":\"de-DE\",\"potentialAction\":[{\"@type\":\"ReadAction\",\"target\":[\"https:\/\/streamfreitag.de\/index.php\/impressum\/\"]}]},{\"@type\":\"BreadcrumbList\",\"@id\":\"https:\/\/streamfreitag.de\/index.php\/impressum\/#breadcrumb\",\"itemListElement\":[{\"@type\":\"ListItem\",\"position\":1,\"name\":\"Home\",\"item\":\"https:\/\/streamfreitag.de\/\"},{\"@type\":\"ListItem\",\"position\":2,\"name\":\"Impressum\"}]},{\"@type\":\"WebSite\",\"@id\":\"https:\/\/streamfreitag.de\/#website\",\"url\":\"https:\/\/streamfreitag.de\/\",\"name\":\"Streamfreitag\",\"description\":\"\",\"publisher\":{\"@id\":\"https:\/\/streamfreitag.de\/#organization\"},\"potentialAction\":[{\"@type\":\"SearchAction\",\"target\":{\"@type\":\"EntryPoint\",\"urlTemplate\":\"https:\/\/streamfreitag.de\/?s={search_term_string}\"},\"query-input\":\"required name=search_term_string\"}],\"inLanguage\":\"de-DE\"},{\"@type\":\"Organization\",\"@id\":\"https:\/\/streamfreitag.de\/#organization\",\"name\":\"Streamfreitag\",\"url\":\"https:\/\/streamfreitag.de\/\",\"logo\":{\"@type\":\"ImageObject\",\"inLanguage\":\"de-DE\",\"@id\":\"https:\/\/streamfreitag.de\/#\/schema\/logo\/image\/\",\"url\":\"https:\/\/streamfreitag.de\/app\/uploads\/2021\/04\/cropped-Stream-Friday.png\",\"contentUrl\":\"https:\/\/streamfreitag.de\/app\/uploads\/2021\/04\/cropped-Stream-Friday.png\",\"width\":512,\"height\":512,\"caption\":\"Streamfreitag\"},\"image\":{\"@id\":\"https:\/\/streamfreitag.de\/#\/schema\/logo\/image\/\"}}]}<\/script>\n<!-- \/ Yoast SEO plugin. -->","yoast_head_json":{"title":"Impressum - Streamfreitag","robots":{"index":"index","follow":"follow","max-snippet":"max-snippet:-1","max-image-preview":"max-image-preview:large","max-video-preview":"max-video-preview:-1"},"canonical":"https:\/\/streamfreitag.de\/index.php\/impressum\/","og_locale":"de_DE","og_type":"article","og_title":"Impressum - Streamfreitag","og_description":"Dieser Verein ist noch in der Gr\u00fcndung. Wir werden daher in k\u00fcrze ein Impressum hinzuf\u00fcgen k\u00f6nnen. Bei Fragen senden Sie uns eine E-mail an orga@streamfreitag.de https:\/\/www.twitch.tv\/streamfreitag https:\/\/www.youtube.com\/channel\/UCUIfmyB97dKZCsOh0Yt8r8w","og_url":"https:\/\/streamfreitag.de\/index.php\/impressum\/","og_site_name":"Streamfreitag","article_modified_time":"2022-10-13T15:27:02+00:00","twitter_card":"summary_large_image","twitter_misc":{"Gesch\u00e4tzte Lesezeit":"1 Minute"},"schema":{"@context":"https:\/\/schema.org","@graph":[{"@type":"WebPage","@id":"https:\/\/streamfreitag.de\/index.php\/impressum\/","url":"https:\/\/streamfreitag.de\/index.php\/impressum\/","name":"Impressum - Streamfreitag","isPartOf":{"@id":"https:\/\/streamfreitag.de\/#website"},"datePublished":"2021-04-29T19:46:20+00:00","dateModified":"2022-10-13T15:27:02+00:00","breadcrumb":{"@id":"https:\/\/streamfreitag.de\/index.php\/impressum\/#breadcrumb"},"inLanguage":"de-DE","potentialAction":[{"@type":"ReadAction","target":["https:\/\/streamfreitag.de\/index.php\/impressum\/"]}]},{"@type":"BreadcrumbList","@id":"https:\/\/streamfreitag.de\/index.php\/impressum\/#breadcrumb","itemListElement":[{"@type":"ListItem","position":1,"name":"Home","item":"https:\/\/streamfreitag.de\/"},{"@type":"ListItem","position":2,"name":"Impressum"}]},{"@type":"WebSite","@id":"https:\/\/streamfreitag.de\/#website","url":"https:\/\/streamfreitag.de\/","name":"Streamfreitag","description":"","publisher":{"@id":"https:\/\/streamfreitag.de\/#organization"},"potentialAction":[{"@type":"SearchAction","target":{"@type":"EntryPoint","urlTemplate":"https:\/\/streamfreitag.de\/?s={search_term_string}"},"query-input":"required name=search_term_string"}],"inLanguage":"de-DE"},{"@type":"Organization","@id":"https:\/\/streamfreitag.de\/#organization","name":"Streamfreitag","url":"https:\/\/streamfreitag.de\/","logo":{"@type":"ImageObject","inLanguage":"de-DE","@id":"https:\/\/streamfreitag.de\/#\/schema\/logo\/image\/","url":"https:\/\/streamfreitag.de\/app\/uploads\/2021\/04\/cropped-Stream-Friday.png","contentUrl":"https:\/\/streamfreitag.de\/app\/uploads\/2021\/04\/cropped-Stream-Friday.png","width":512,"height":512,"caption":"Streamfreitag"},"image":{"@id":"https:\/\/streamfreitag.de\/#\/schema\/logo\/image\/"}}]}},"ticketed":false,"_links":{"self":[{"href":"https:\/\/streamfreitag.de\/index.php\/wp-json\/wp\/v2\/pages\/15"}],"collection":[{"href":"https:\/\/streamfreitag.de\/index.php\/wp-json\/wp\/v2\/pages"}],"about":[{"href":"https:\/\/streamfreitag.de\/index.php\/wp-json\/wp\/v2\/types\/page"}],"author":[{"embeddable":true,"href":"https:\/\/streamfreitag.de\/index.php\/wp-json\/wp\/v2\/users\/1"}],"replies":[{"embeddable":true,"href":"https:\/\/streamfreitag.de\/index.php\/wp-json\/wp\/v2\/comments?post=15"}],"version-history":[{"count":6,"href":"https:\/\/streamfreitag.de\/index.php\/wp-json\/wp\/v2\/pages\/15\/revisions"}],"predecessor-version":[{"id":142,"href":"https:\/\/streamfreitag.de\/index.php\/wp-json\/wp\/v2\/pages\/15\/revisions\/142"}],"wp:attachment":[{"href":"https:\/\/streamfreitag.de\/index.php\/wp-json\/wp\/v2\/media?parent=15"}],"curies":[{"name":"wp","href":"https:\/\/api.w.org\/{rel}","templated":true}]}}